{"id":2336,"date":"2024-12-11T14:00:03","date_gmt":"2024-12-11T13:00:03","guid":{"rendered":"https:\/\/gesundheits-schlaf.ch\/?page_id=2336"},"modified":"2025-01-14T15:31:45","modified_gmt":"2025-01-14T14:31:45","slug":"workshop_schlaf_gedanken","status":"publish","type":"page","link":"https:\/\/gesundheits-schlaf.ch\/?page_id=2336","title":{"rendered":"Workshop &#8211; Schlaf_Gedanken"},"content":{"rendered":"\n[et_pb_section fb_built=&#8220;1&#8243; fullwidth=&#8220;on&#8220; admin_label=&#8220;Header&#8220; _builder_version=&#8220;4.27.4&#8243; _module_preset=&#8220;default&#8220; custom_padding=&#8220;0px|0|0px|0px|false|false&#8220; top_divider_color=&#8220;rgba(255,255,255,0.3)&#8220; top_divider_height=&#8220;100%&#8220; top_divider_repeat=&#8220;2x&#8220; bottom_divider_color=&#8220;rgba(255,255,255,0.33)&#8220; bottom_divider_height=&#8220;500px&#8220; global_colors_info=&#8220;{}&#8220;][et_pb_fullwidth_header title=&#8220;Workshop: Schlaf &#038; Gedanken&#8220; text_orientation=&#8220;center&#8220; content_max_width=&#8220;70%&#8220; content_max_width_tablet=&#8220;100%&#8220; content_max_width_phone=&#8220;&#8220; content_max_width_last_edited=&#8220;on|phone&#8220; _builder_version=&#8220;4.27.4&#8243; _module_preset=&#8220;_initial&#8220; title_font=&#8220;Quicksand|500|||||||&#8220; title_font_size=&#8220;5vw&#8220; title_line_height=&#8220;1.5em&#8220; content_font=&#8220;Quicksand||||||||&#8220; subhead_font=&#8220;Poppins|700||on|||||&#8220; subhead_font_size=&#8220;16px&#8220; subhead_letter_spacing=&#8220;15px&#8220; subhead_line_height=&#8220;2em&#8220; background_color=&#8220;rgba(255,255,255,0)&#8220; background_image=&#8220;https:\/\/gesundheits-schlaf.ch\/wp-content\/uploads\/2024\/12\/Header_Schlaf_Gedanken.png&#8220; background_size=&#8220;contain&#8220; custom_button_one=&#8220;on&#8220; button_one_text_size=&#8220;14px&#8220; button_one_text_color=&#8220;#000000&#8243; button_one_bg_color=&#8220;#ffffff&#8220; button_one_border_width=&#8220;14px&#8220; button_one_border_color=&#8220;#ffffff&#8220; button_one_border_radius=&#8220;0px&#8220; button_one_letter_spacing=&#8220;4px&#8220; button_one_font=&#8220;Poppins|500||on|||||&#8220; custom_margin=&#8220;||||false&#8220; custom_padding=&#8220;10vw||10vw||true&#8220; title_font_size_tablet=&#8220;40px&#8220; title_font_size_phone=&#8220;&#8220; title_font_size_last_edited=&#8220;on|desktop&#8220; subhead_font_size_tablet=&#8220;40px&#8220; subhead_font_size_last_edited=&#8220;off|desktop&#8220; subhead_letter_spacing_tablet=&#8220;&#8220; subhead_letter_spacing_phone=&#8220;0px&#8220; subhead_letter_spacing_last_edited=&#8220;on|phone&#8220; button_one_border_color_hover=&#8220;#ecd5c5&#8243; button_one_border_radius_hover=&#8220;0px&#8220; button_one_letter_spacing_hover=&#8220;4px&#8220; button_one_bg_color_hover=&#8220;#ecd5c5&#8243; global_colors_info=&#8220;{}&#8220; button_one_text_size__hover_enabled=&#8220;off&#8220; button_two_text_size__hover_enabled=&#8220;off&#8220; button_one_text_color__hover_enabled=&#8220;off&#8220; button_two_text_color__hover_enabled=&#8220;off&#8220; button_one_border_width__hover_enabled=&#8220;off&#8220; button_two_border_width__hover_enabled=&#8220;off&#8220; button_one_border_color__hover_enabled=&#8220;on&#8220; button_one_border_color__hover=&#8220;#ecd5c5&#8243; button_two_border_color__hover_enabled=&#8220;off&#8220; button_one_border_radius__hover_enabled=&#8220;on&#8220; button_one_border_radius__hover=&#8220;0px&#8220; button_two_border_radius__hover_enabled=&#8220;off&#8220; button_one_letter_spacing__hover_enabled=&#8220;on&#8220; button_one_letter_spacing__hover=&#8220;4px&#8220; button_two_letter_spacing__hover_enabled=&#8220;off&#8220; button_one_bg_color__hover_enabled=&#8220;on&#8220; button_one_bg_color__hover=&#8220;#ecd5c5&#8243; button_two_bg_color__hover_enabled=&#8220;off&#8220;][\/et_pb_fullwidth_header][\/et_pb_section][et_pb_section fb_built=&#8220;1&#8243; _builder_version=&#8220;4.16&#8243; _module_preset=&#8220;default&#8220; global_colors_info=&#8220;{}&#8220;][et_pb_row _builder_version=&#8220;4.27.2&#8243; _module_preset=&#8220;_initial&#8220; background_color=&#8220;RGBA(255,255,255,0)&#8220; locked=&#8220;off&#8220; global_colors_info=&#8220;{}&#8220;][et_pb_column type=&#8220;4_4&#8243; _builder_version=&#8220;4.27.2&#8243; _module_preset=&#8220;default&#8220; custom_padding=&#8220;|||&#8220; global_colors_info=&#8220;{}&#8220; custom_padding__hover=&#8220;|||&#8220;][et_pb_text admin_label=&#8220;Subheading&#8220; _builder_version=&#8220;4.27.4&#8243; _module_preset=&#8220;_initial&#8220; text_font=&#8220;Quicksand||||||||&#8220; text_font_size=&#8220;20px&#8220; text_line_height=&#8220;1.8em&#8220; link_font=&#8220;||||||||&#8220; ul_font=&#8220;||||||||&#8220; header_font=&#8220;||||||||&#8220; header_2_font=&#8220;||||||||&#8220; header_3_font=&#8220;||||||||&#8220; header_3_font_size=&#8220;45px&#8220; header_3_line_height=&#8220;1.5em&#8220; header_4_font=&#8220;||||||||&#8220; header_5_font=&#8220;Poppins|700||on|||||&#8220; header_5_text_color=&#8220;#ecd5c5&#8243; header_5_letter_spacing=&#8220;15px&#8220; header_5_line_height=&#8220;1.8em&#8220; text_orientation=&#8220;center&#8220; max_width=&#8220;600px&#8220; max_width_tablet=&#8220;100%&#8220; max_width_phone=&#8220;100%&#8220; max_width_last_edited=&#8220;off|desktop&#8220; module_alignment=&#8220;center&#8220; custom_margin=&#8220;|||&#8220; custom_padding=&#8220;|||&#8220; custom_padding_tablet=&#8220;|||0px&#8220; custom_padding_phone=&#8220;|||0px&#8220; custom_padding_last_edited=&#8220;on|tablet&#8220; locked=&#8220;off&#8220; global_colors_info=&#8220;{}&#8220;]<h3>Unsere Gedanken beeinflussen unsere Schlafqualit\u00e4t<\/h3>\n<p style=\"text-align: center;\">Unsere Gedanken beeinflussen unser Wohlbefinden, unseren K\u00f6rper und unser Nervensystem \u2013 auch die F\u00e4higkeit, zur Ruhe zu kommen und gut zu schlafen.<br \/>Oft hindern uns gedankliche \u00dcberlastung oder emotionale Unruhe am Einschlafen oder an erholsamem Schlaf. Dem Ph\u00e4nomen bist du aber nicht machtlos ausgesetzt, sondern kannst aktiv etwas tun! Erforsche mit uns in diesem interaktiven Workshop die faszinierende Beziehung zwischen Schlaf und unseren Gedanken. Du lernst die Prinzipien des Mentaltrainings kennen, reflektierst gezielt deine Schlafgewohnheiten und erlernst Entspannungstechniken f\u00fcr deinen Alltag und deinen Schlaf. Du verstehst, wie sich deine Schlafqualit\u00e4t auf deine psychische, k\u00f6rperliche und seelische Gesundheit im<br \/>Alltag auswirkt. Erg\u00e4nzt wird das Angebot durch Atem\u00fcbungen zur Ausgeglichenheit und Stressregulation, damit du dein pers\u00f6nliches Schlafritual entwickeln kannst.<\/p>[\/et_pb_text][et_pb_divider color=&#8220;rgba(66,96,96,0.34)&#8220; _builder_version=&#8220;4.27.2&#8243; _module_preset=&#8220;default&#8220; global_colors_info=&#8220;{}&#8220;][\/et_pb_divider][\/et_pb_column][\/et_pb_row][et_pb_row _builder_version=&#8220;4.27.2&#8243; _module_preset=&#8220;_initial&#8220; background_color=&#8220;RGBA(255,255,255,0)&#8220; global_colors_info=&#8220;{}&#8220;][et_pb_column type=&#8220;4_4&#8243; _builder_version=&#8220;4.27.2&#8243; _module_preset=&#8220;default&#8220; global_colors_info=&#8220;{}&#8220;][et_pb_button button_url=&#8220;mailto:info@gesundheits-schlaf.ch&#8220; button_text=&#8220;hier anmelden&#8220; button_alignment=&#8220;center&#8220; _builder_version=&#8220;4.27.4&#8243; _module_preset=&#8220;default&#8220; custom_button=&#8220;on&#8220; button_text_color=&#8220;#FFFFFF&#8220; button_bg_color=&#8220;#E02B20&#8243; global_colors_info=&#8220;{}&#8220;][\/et_pb_button][et_pb_pricing_tables featured_table_header_background_color=&#8220;#000000&#8243; show_bullet=&#8220;off&#8220; _builder_version=&#8220;4.27.4&#8243; _module_preset=&#8220;default&#8220; body_font=&#8220;Quicksand||||||||&#8220; body_line_height=&#8220;1.5em&#8220; subheader_font=&#8220;Quicksand||||||||&#8220; excluded_font=&#8220;Quicksand||||||||&#8220; body_link_font=&#8220;Quicksand|500|||||||&#8220; body_ul_font=&#8220;Quicksand||||||||&#8220; body_ol_font=&#8220;Quicksand||||||||&#8220; body_quote_font=&#8220;Quicksand||||||||&#8220; background_color=&#8220;rgba(66,96,96,0.34)&#8220; transform_scale=&#8220;98%|98%&#8220; max_width=&#8220;100%&#8220; min_height=&#8220;1000px&#8220; height=&#8220;404px&#8220; max_height=&#8220;1000px&#8220; global_colors_info=&#8220;{}&#8220;][et_pb_pricing_table title=&#8220;Kursinhalte&#8220; _builder_version=&#8220;4.27.4&#8243; _module_preset=&#8220;default&#8220; global_colors_info=&#8220;{}&#8220; sticky_transition=&#8220;on&#8220;]<p>&nbsp;<\/p>\n<p>Strategien zur Stressbew\u00e4ltigung und zur F\u00f6rderung positiver Gedanken<\/p>\n<p>N\u00fctzliche Denkmuster f\u00fcr einen gesunden Schlaf- und Wachrhythmus<\/p>\n<p>Pers\u00f6nliches Mindset zum Ausgleich von Vitalisierung und Entspannung<\/p>\n<p><br \/>Den Einfluss von Atem auf das Nervensystem verstehen<\/p>[\/et_pb_pricing_table][et_pb_pricing_table title=&#8220;Kursleitung&#8220; _builder_version=&#8220;4.27.4&#8243; _module_preset=&#8220;default&#8220; global_colors_info=&#8220;{}&#8220; sticky_transition=&#8220;on&#8220;]<p><a href=\"https:\/\/gesundheits-schlaf.ch\/?page_id=1863\">Regula Valentina Z\u00fcrcher<\/a> (Dipl. Mentaltrainerin, CAS Selfmanagement, Kunstp\u00e4dagogin, Atemtherapeutin)\u00a0<\/p>\n<p><a href=\"https:\/\/gesundheits-schlaf.ch\/?page_id=1863\">Rebekka Heckendorn<\/a> (Naturheilpraktikerin Ayurveda Medizin, Ayurveda Psychologin)<\/p>\n<p><a href=\"https:\/\/gesundheits-schlaf.ch\/?page_id=1863\">Daniela Ryf<\/a> (Master in Gesundheitsf\u00f6rderung, Expertin f\u00fcr Pr\u00e4ventiv- und Sportern\u00e4hrung, Fitnesstrainerin, Yogalehrerin)<\/p>[\/et_pb_pricing_table][et_pb_pricing_table title=&#8220;Zeiten &#038; Ort&#8220; _builder_version=&#8220;4.27.4&#8243; _module_preset=&#8220;default&#8220; global_colors_info=&#8220;{}&#8220; sticky_transition=&#8220;on&#8220;]<p>Total 6h<\/p>\n<p>2x Donnerstag 18-21h<\/p>\n<p><strong>Datum:<\/strong> 14. + 28. August 2025<\/p>\n<p><strong>Ort:<\/strong> Raum 8, Rodtmattstrasse, 3014 Bern-Breitenrain (Parkpl\u00e4tze blaue Zone)<\/p>[\/et_pb_pricing_table][et_pb_pricing_table title=&#8220;Preis&#8220; _builder_version=&#8220;4.27.4&#8243; _module_preset=&#8220;default&#8220; global_colors_info=&#8220;{}&#8220; sticky_transition=&#8220;on&#8220;]<p>F\u00fcr den ganzen Kurs:<\/p>\n<p>195 CHF<\/p>[\/et_pb_pricing_table][\/et_pb_pricing_tables][\/et_pb_column][\/et_pb_row][\/et_pb_section][et_pb_section fb_built=&#8220;1&#8243; admin_label=&#8220;About Us&#8220; _builder_version=&#8220;4.16&#8243; _module_preset=&#8220;default&#8220; use_background_color_gradient=&#8220;on&#8220; background_color_gradient_stops=&#8220;#f2e3de 0%|#ffffff 100%&#8220; background_color_gradient_start=&#8220;#f2e3de&#8220; background_color_gradient_end=&#8220;#ffffff&#8220; custom_padding=&#8220;100px|0px|100px|0px|true|false&#8220; top_divider_style=&#8220;arrow3&#8243; top_divider_color=&#8220;rgba(255,255,255,0.56)&#8220; top_divider_height=&#8220;500px&#8220; top_divider_repeat=&#8220;2x&#8220; bottom_divider_color=&#8220;rgba(255,255,255,0.55)&#8220; bottom_divider_repeat=&#8220;2x&#8220; locked=&#8220;off&#8220; global_colors_info=&#8220;{}&#8220;][et_pb_row _builder_version=&#8220;4.16&#8243; _module_preset=&#8220;_initial&#8220; background_color=&#8220;RGBA(255,255,255,0)&#8220; global_colors_info=&#8220;{}&#8220;][et_pb_column type=&#8220;4_4&#8243; _builder_version=&#8220;4.16&#8243; _module_preset=&#8220;default&#8220; custom_padding=&#8220;|||&#8220; global_colors_info=&#8220;{}&#8220; custom_padding__hover=&#8220;|||&#8220;][et_pb_text admin_label=&#8220;Subheading&#8220; _builder_version=&#8220;4.27.4&#8243; _module_preset=&#8220;_initial&#8220; text_font=&#8220;Quicksand||||||||&#8220; text_font_size=&#8220;20px&#8220; text_line_height=&#8220;1.8em&#8220; link_font=&#8220;||||||||&#8220; ul_font=&#8220;||||||||&#8220; header_font=&#8220;||||||||&#8220; header_2_font=&#8220;||||||||&#8220; header_3_font=&#8220;||||||||&#8220; header_3_font_size=&#8220;45px&#8220; header_3_line_height=&#8220;1.5em&#8220; header_4_font=&#8220;||||||||&#8220; header_5_font=&#8220;Poppins|700||on|||||&#8220; header_5_text_color=&#8220;#ecd5c5&#8243; header_5_letter_spacing=&#8220;15px&#8220; header_5_line_height=&#8220;1.8em&#8220; text_orientation=&#8220;center&#8220; max_width=&#8220;600px&#8220; max_width_tablet=&#8220;100%&#8220; max_width_phone=&#8220;100%&#8220; max_width_last_edited=&#8220;off|desktop&#8220; module_alignment=&#8220;center&#8220; custom_margin=&#8220;|||&#8220; custom_padding=&#8220;|||&#8220; custom_padding_tablet=&#8220;|||0px&#8220; custom_padding_phone=&#8220;|||0px&#8220; custom_padding_last_edited=&#8220;on|tablet&#8220; locked=&#8220;off&#8220; global_colors_info=&#8220;{}&#8220;]<h3>Deine Gedanken &#8211; ein wichtiger Baustein zu einem erholsamen Schlaf und mehr Energie im Alltag<\/h3>\n<p>&nbsp;<\/p>[\/et_pb_text][\/et_pb_column][\/et_pb_row][\/et_pb_section]\n","protected":false},"excerpt":{"rendered":"<p>Unsere Gedanken beeinflussen unsere Schlafqualit\u00e4t Unsere Gedanken beeinflussen unser Wohlbefinden, unseren K\u00f6rper und unser Nervensystem \u2013 auch die F\u00e4higkeit, zur Ruhe zu kommen und gut zu schlafen.Oft hindern uns gedankliche \u00dcberlastung oder emotionale Unruhe am Einschlafen oder an erholsamem Schlaf. Dem Ph\u00e4nomen bist du aber nicht machtlos ausgesetzt, sondern kannst aktiv etwas tun! Erforsche mit [&hellip;]<\/p>\n","protected":false},"author":6,"featured_media":0,"parent":1852,"menu_order":0,"comment_status":"closed","ping_status":"closed","template":"","meta":{"_et_pb_use_builder":"on","_et_pb_old_content":"","_et_gb_content_width":"","om_disable_all_campaigns":false,"_exactmetrics_skip_tracking":false,"_exactmetrics_sitenote_active":false,"_exactmetrics_sitenote_note":"","_exactmetrics_sitenote_category":0,"_uf_show_specific_survey":0,"_uf_disable_surveys":false,"footnotes":""},"class_list":["post-2336","page","type-page","status-publish","hentry"],"aioseo_notices":[],"yoast_head":"<!-- This site is optimized with the Yoast SEO plugin v27.2 - https:\/\/yoast.com\/product\/yoast-seo-wordpress\/ -->\n<title>Workshop - Schlaf_Gedanken - gesundheits-schlaf.ch<\/title>\n<meta name=\"description\" content=\"Lerne, wie du deine Gedanken f\u00fcr eine erholsame Nacht beseite legen kannst und in einen entspannten und regenerativen Schlaf findest\" \/>\n<meta name=\"robots\" content=\"index, follow, max-snippet:-1, max-image-preview:large, max-video-preview:-1\" \/>\n<link rel=\"canonical\" href=\"https:\/\/gesundheits-schlaf.ch\/?page_id=2336\" \/>\n<meta property=\"og:locale\" content=\"de_DE\" \/>\n<meta property=\"og:type\" content=\"article\" \/>\n<meta property=\"og:title\" content=\"Workshop - Schlaf_Gedanken - gesundheits-schlaf.ch\" \/>\n<meta property=\"og:description\" content=\"Lerne, wie du deine Gedanken f\u00fcr eine erholsame Nacht beseite legen kannst und in einen entspannten und regenerativen Schlaf findest\" \/>\n<meta property=\"og:url\" content=\"https:\/\/gesundheits-schlaf.ch\/?page_id=2336\" \/>\n<meta property=\"og:site_name\" content=\"gesundheits-schlaf.ch\" \/>\n<meta property=\"article:publisher\" content=\"https:\/\/www.facebook.com\/profile.php?id=61569700356793\" \/>\n<meta property=\"article:modified_time\" content=\"2025-01-14T14:31:45+00:00\" \/>\n<meta name=\"twitter:card\" content=\"summary_large_image\" \/>\n<meta name=\"twitter:label1\" content=\"Gesch\u00e4tzte Lesezeit\" \/>\n\t<meta name=\"twitter:data1\" content=\"2\u00a0Minuten\" \/>\n<script type=\"application\/ld+json\" class=\"yoast-schema-graph\">{\"@context\":\"https:\/\/schema.org\",\"@graph\":[{\"@type\":\"WebPage\",\"@id\":\"https:\/\/gesundheits-schlaf.ch\/?page_id=2336\",\"url\":\"https:\/\/gesundheits-schlaf.ch\/?page_id=2336\",\"name\":\"Workshop - Schlaf_Gedanken - gesundheits-schlaf.ch\",\"isPartOf\":{\"@id\":\"https:\/\/gesundheits-schlaf.ch\/#website\"},\"datePublished\":\"2024-12-11T13:00:03+00:00\",\"dateModified\":\"2025-01-14T14:31:45+00:00\",\"description\":\"Lerne, wie du deine Gedanken f\u00fcr eine erholsame Nacht beseite legen kannst und in einen entspannten und regenerativen Schlaf findest\",\"breadcrumb\":{\"@id\":\"https:\/\/gesundheits-schlaf.ch\/?page_id=2336#breadcrumb\"},\"inLanguage\":\"de\",\"potentialAction\":[{\"@type\":\"ReadAction\",\"target\":[\"https:\/\/gesundheits-schlaf.ch\/?page_id=2336\"]}]},{\"@type\":\"BreadcrumbList\",\"@id\":\"https:\/\/gesundheits-schlaf.ch\/?page_id=2336#breadcrumb\",\"itemListElement\":[{\"@type\":\"ListItem\",\"position\":1,\"name\":\"Startseite\",\"item\":\"https:\/\/gesundheits-schlaf.ch\/\"},{\"@type\":\"ListItem\",\"position\":2,\"name\":\"Workshops\",\"item\":\"https:\/\/gesundheits-schlaf.ch\/?page_id=1852\"},{\"@type\":\"ListItem\",\"position\":3,\"name\":\"Workshop &#8211; Schlaf_Gedanken\"}]},{\"@type\":\"WebSite\",\"@id\":\"https:\/\/gesundheits-schlaf.ch\/#website\",\"url\":\"https:\/\/gesundheits-schlaf.ch\/\",\"name\":\"gesundheits-schlaf.ch\",\"description\":\"Schlafprobleme behandeln und Gesund werden\",\"publisher\":{\"@id\":\"https:\/\/gesundheits-schlaf.ch\/#organization\"},\"potentialAction\":[{\"@type\":\"SearchAction\",\"target\":{\"@type\":\"EntryPoint\",\"urlTemplate\":\"https:\/\/gesundheits-schlaf.ch\/?s={search_term_string}\"},\"query-input\":{\"@type\":\"PropertyValueSpecification\",\"valueRequired\":true,\"valueName\":\"search_term_string\"}}],\"inLanguage\":\"de\"},{\"@type\":\"Organization\",\"@id\":\"https:\/\/gesundheits-schlaf.ch\/#organization\",\"name\":\"Gesundheits-Schlaf\",\"url\":\"https:\/\/gesundheits-schlaf.ch\/\",\"logo\":{\"@type\":\"ImageObject\",\"inLanguage\":\"de\",\"@id\":\"https:\/\/gesundheits-schlaf.ch\/#\/schema\/logo\/image\/\",\"url\":\"https:\/\/gesundheits-schlaf.ch\/wp-content\/uploads\/2024\/11\/GS-Logo.jpg\",\"contentUrl\":\"https:\/\/gesundheits-schlaf.ch\/wp-content\/uploads\/2024\/11\/GS-Logo.jpg\",\"width\":992,\"height\":800,\"caption\":\"Gesundheits-Schlaf\"},\"image\":{\"@id\":\"https:\/\/gesundheits-schlaf.ch\/#\/schema\/logo\/image\/\"},\"sameAs\":[\"https:\/\/www.facebook.com\/profile.php?id=61569700356793\",\"https:\/\/www.instagram.com\/gesundheits_schlaf\/\"]}]}<\/script>\n<!-- \/ Yoast SEO plugin. -->","yoast_head_json":{"title":"Workshop - Schlaf_Gedanken - gesundheits-schlaf.ch","description":"Lerne, wie du deine Gedanken f\u00fcr eine erholsame Nacht beseite legen kannst und in einen entspannten und regenerativen Schlaf findest","robots":{"index":"index","follow":"follow","max-snippet":"max-snippet:-1","max-image-preview":"max-image-preview:large","max-video-preview":"max-video-preview:-1"},"canonical":"https:\/\/gesundheits-schlaf.ch\/?page_id=2336","og_locale":"de_DE","og_type":"article","og_title":"Workshop - Schlaf_Gedanken - gesundheits-schlaf.ch","og_description":"Lerne, wie du deine Gedanken f\u00fcr eine erholsame Nacht beseite legen kannst und in einen entspannten und regenerativen Schlaf findest","og_url":"https:\/\/gesundheits-schlaf.ch\/?page_id=2336","og_site_name":"gesundheits-schlaf.ch","article_publisher":"https:\/\/www.facebook.com\/profile.php?id=61569700356793","article_modified_time":"2025-01-14T14:31:45+00:00","twitter_card":"summary_large_image","twitter_misc":{"Gesch\u00e4tzte Lesezeit":"2\u00a0Minuten"},"schema":{"@context":"https:\/\/schema.org","@graph":[{"@type":"WebPage","@id":"https:\/\/gesundheits-schlaf.ch\/?page_id=2336","url":"https:\/\/gesundheits-schlaf.ch\/?page_id=2336","name":"Workshop - Schlaf_Gedanken - gesundheits-schlaf.ch","isPartOf":{"@id":"https:\/\/gesundheits-schlaf.ch\/#website"},"datePublished":"2024-12-11T13:00:03+00:00","dateModified":"2025-01-14T14:31:45+00:00","description":"Lerne, wie du deine Gedanken f\u00fcr eine erholsame Nacht beseite legen kannst und in einen entspannten und regenerativen Schlaf findest","breadcrumb":{"@id":"https:\/\/gesundheits-schlaf.ch\/?page_id=2336#breadcrumb"},"inLanguage":"de","potentialAction":[{"@type":"ReadAction","target":["https:\/\/gesundheits-schlaf.ch\/?page_id=2336"]}]},{"@type":"BreadcrumbList","@id":"https:\/\/gesundheits-schlaf.ch\/?page_id=2336#breadcrumb","itemListElement":[{"@type":"ListItem","position":1,"name":"Startseite","item":"https:\/\/gesundheits-schlaf.ch\/"},{"@type":"ListItem","position":2,"name":"Workshops","item":"https:\/\/gesundheits-schlaf.ch\/?page_id=1852"},{"@type":"ListItem","position":3,"name":"Workshop &#8211; Schlaf_Gedanken"}]},{"@type":"WebSite","@id":"https:\/\/gesundheits-schlaf.ch\/#website","url":"https:\/\/gesundheits-schlaf.ch\/","name":"gesundheits-schlaf.ch","description":"Schlafprobleme behandeln und Gesund werden","publisher":{"@id":"https:\/\/gesundheits-schlaf.ch\/#organization"},"potentialAction":[{"@type":"SearchAction","target":{"@type":"EntryPoint","urlTemplate":"https:\/\/gesundheits-schlaf.ch\/?s={search_term_string}"},"query-input":{"@type":"PropertyValueSpecification","valueRequired":true,"valueName":"search_term_string"}}],"inLanguage":"de"},{"@type":"Organization","@id":"https:\/\/gesundheits-schlaf.ch\/#organization","name":"Gesundheits-Schlaf","url":"https:\/\/gesundheits-schlaf.ch\/","logo":{"@type":"ImageObject","inLanguage":"de","@id":"https:\/\/gesundheits-schlaf.ch\/#\/schema\/logo\/image\/","url":"https:\/\/gesundheits-schlaf.ch\/wp-content\/uploads\/2024\/11\/GS-Logo.jpg","contentUrl":"https:\/\/gesundheits-schlaf.ch\/wp-content\/uploads\/2024\/11\/GS-Logo.jpg","width":992,"height":800,"caption":"Gesundheits-Schlaf"},"image":{"@id":"https:\/\/gesundheits-schlaf.ch\/#\/schema\/logo\/image\/"},"sameAs":["https:\/\/www.facebook.com\/profile.php?id=61569700356793","https:\/\/www.instagram.com\/gesundheits_schlaf\/"]}]}},"_links":{"self":[{"href":"https:\/\/gesundheits-schlaf.ch\/index.php?rest_route=\/wp\/v2\/pages\/2336","targetHints":{"allow":["GET"]}}],"collection":[{"href":"https:\/\/gesundheits-schlaf.ch\/index.php?rest_route=\/wp\/v2\/pages"}],"about":[{"href":"https:\/\/gesundheits-schlaf.ch\/index.php?rest_route=\/wp\/v2\/types\/page"}],"author":[{"embeddable":true,"href":"https:\/\/gesundheits-schlaf.ch\/index.php?rest_route=\/wp\/v2\/users\/6"}],"replies":[{"embeddable":true,"href":"https:\/\/gesundheits-schlaf.ch\/index.php?rest_route=%2Fwp%2Fv2%2Fcomments&post=2336"}],"version-history":[{"count":8,"href":"https:\/\/gesundheits-schlaf.ch\/index.php?rest_route=\/wp\/v2\/pages\/2336\/revisions"}],"predecessor-version":[{"id":2491,"href":"https:\/\/gesundheits-schlaf.ch\/index.php?rest_route=\/wp\/v2\/pages\/2336\/revisions\/2491"}],"up":[{"embeddable":true,"href":"https:\/\/gesundheits-schlaf.ch\/index.php?rest_route=\/wp\/v2\/pages\/1852"}],"wp:attachment":[{"href":"https:\/\/gesundheits-schlaf.ch\/index.php?rest_route=%2Fwp%2Fv2%2Fmedia&parent=2336"}],"curies":[{"name":"wp","href":"https:\/\/api.w.org\/{rel}","templated":true}]}}