{"id":2053,"date":"2024-11-29T17:27:55","date_gmt":"2024-11-29T16:27:55","guid":{"rendered":"https:\/\/gesundheits-schlaf.ch\/?page_id=2053"},"modified":"2025-06-05T11:29:42","modified_gmt":"2025-06-05T10:29:42","slug":"fuer-unternehmen","status":"publish","type":"page","link":"https:\/\/gesundheits-schlaf.ch\/?page_id=2053","title":{"rendered":"F\u00fcr Unternehmen"},"content":{"rendered":"<p>[et_pb_section fb_built=&#8220;1&#8243; fullwidth=&#8220;on&#8220; admin_label=&#8220;Header&#8220; _builder_version=&#8220;4.27.4&#8243; _module_preset=&#8220;default&#8220; custom_padding=&#8220;0px|0|0px|0px|false|false&#8220; top_divider_color=&#8220;rgba(255,255,255,0.3)&#8220; top_divider_height=&#8220;100%&#8220; top_divider_repeat=&#8220;2x&#8220; bottom_divider_color=&#8220;rgba(255,255,255,0.33)&#8220; bottom_divider_height=&#8220;500px&#8220; global_colors_info=&#8220;{}&#8220;][et_pb_fullwidth_header title=&#8220;F\u00fcr Unternehmen&#8220; text_orientation=&#8220;center&#8220; content_max_width=&#8220;70%&#8220; content_max_width_tablet=&#8220;100%&#8220; content_max_width_phone=&#8220;&#8220; content_max_width_last_edited=&#8220;on|phone&#8220; _builder_version=&#8220;4.27.4&#8243; _module_preset=&#8220;_initial&#8220; title_font=&#8220;&#8211;et_global_heading_font|500|||||||&#8220; title_font_size=&#8220;5vw&#8220; title_line_height=&#8220;1.5em&#8220; content_font=&#8220;||||||||&#8220; subhead_font=&#8220;Poppins|700||on|||||&#8220; subhead_font_size=&#8220;16px&#8220; subhead_letter_spacing=&#8220;15px&#8220; subhead_line_height=&#8220;2em&#8220; background_color=&#8220;rgba(255,255,255,0)&#8220; background_image=&#8220;https:\/\/gesundheits-schlaf.ch\/wp-content\/uploads\/2024\/12\/Header_fuerUnternehmen.jpg&#8220; parallax=&#8220;on&#8220; parallax_method=&#8220;on&#8220; custom_button_one=&#8220;on&#8220; button_one_text_size=&#8220;14px&#8220; button_one_text_color=&#8220;#000000&#8243; button_one_bg_color=&#8220;#ffffff&#8220; button_one_border_width=&#8220;14px&#8220; button_one_border_color=&#8220;#ffffff&#8220; button_one_border_radius=&#8220;0px&#8220; button_one_letter_spacing=&#8220;4px&#8220; button_one_font=&#8220;Poppins|500||on|||||&#8220; custom_margin=&#8220;||||false&#8220; custom_padding=&#8220;10vw||10vw||true&#8220; title_font_size_tablet=&#8220;40px&#8220; title_font_size_phone=&#8220;&#8220; title_font_size_last_edited=&#8220;on|desktop&#8220; subhead_font_size_tablet=&#8220;40px&#8220; subhead_font_size_last_edited=&#8220;off|desktop&#8220; subhead_letter_spacing_tablet=&#8220;&#8220; subhead_letter_spacing_phone=&#8220;0px&#8220; subhead_letter_spacing_last_edited=&#8220;on|phone&#8220; button_one_border_color_hover=&#8220;#ecd5c5&#8243; button_one_border_radius_hover=&#8220;0px&#8220; button_one_letter_spacing_hover=&#8220;4px&#8220; button_one_bg_color_hover=&#8220;#ecd5c5&#8243; global_colors_info=&#8220;{}&#8220; button_one_text_size__hover_enabled=&#8220;off&#8220; button_two_text_size__hover_enabled=&#8220;off&#8220; button_one_text_color__hover_enabled=&#8220;off&#8220; button_two_text_color__hover_enabled=&#8220;off&#8220; button_one_border_width__hover_enabled=&#8220;off&#8220; button_two_border_width__hover_enabled=&#8220;off&#8220; button_one_border_color__hover_enabled=&#8220;on&#8220; button_one_border_color__hover=&#8220;#ecd5c5&#8243; button_two_border_color__hover_enabled=&#8220;off&#8220; button_one_border_radius__hover_enabled=&#8220;on&#8220; button_one_border_radius__hover=&#8220;0px&#8220; button_two_border_radius__hover_enabled=&#8220;off&#8220; button_one_letter_spacing__hover_enabled=&#8220;on&#8220; button_one_letter_spacing__hover=&#8220;4px&#8220; button_two_letter_spacing__hover_enabled=&#8220;off&#8220; button_one_bg_color__hover_enabled=&#8220;on&#8220; button_one_bg_color__hover=&#8220;#ecd5c5&#8243; button_two_bg_color__hover_enabled=&#8220;off&#8220;][\/et_pb_fullwidth_header][\/et_pb_section][et_pb_section fb_built=&#8220;1&#8243; _builder_version=&#8220;4.16&#8243; _module_preset=&#8220;default&#8220; global_colors_info=&#8220;{}&#8220;][et_pb_row _builder_version=&#8220;4.16&#8243; _module_preset=&#8220;_initial&#8220; background_color=&#8220;RGBA(255,255,255,0)&#8220; locked=&#8220;off&#8220; global_colors_info=&#8220;{}&#8220;][et_pb_column type=&#8220;4_4&#8243; _builder_version=&#8220;4.16&#8243; _module_preset=&#8220;default&#8220; custom_padding=&#8220;|||&#8220; global_colors_info=&#8220;{}&#8220; custom_padding__hover=&#8220;|||&#8220;][et_pb_text admin_label=&#8220;Subheading&#8220; _builder_version=&#8220;4.27.4&#8243; _module_preset=&#8220;_initial&#8220; text_font=&#8220;Quicksand||||||||&#8220; text_font_size=&#8220;20px&#8220; text_line_height=&#8220;1.8em&#8220; link_font=&#8220;||||||||&#8220; ul_font=&#8220;||||||||&#8220; header_font=&#8220;Quicksand|500|||||||&#8220; header_2_font=&#8220;||||||||&#8220; header_3_font=&#8220;||||||||&#8220; header_3_font_size=&#8220;45px&#8220; header_3_line_height=&#8220;1.5em&#8220; header_4_font=&#8220;||||||||&#8220; header_5_font=&#8220;Poppins|700||on|||||&#8220; header_5_text_color=&#8220;#ecd5c5&#8243; header_5_letter_spacing=&#8220;15px&#8220; header_5_line_height=&#8220;1.8em&#8220; text_orientation=&#8220;center&#8220; max_width=&#8220;600px&#8220; max_width_tablet=&#8220;100%&#8220; max_width_phone=&#8220;100%&#8220; max_width_last_edited=&#8220;off|desktop&#8220; module_alignment=&#8220;center&#8220; custom_margin=&#8220;|111px||||&#8220; custom_padding=&#8220;|4px|0px|||&#8220; custom_padding_tablet=&#8220;|||0px&#8220; custom_padding_phone=&#8220;|||0px&#8220; custom_padding_last_edited=&#8220;on|tablet&#8220; locked=&#8220;off&#8220; global_colors_info=&#8220;{}&#8220;]<\/p>\n<h3><strong>\u00a0Betriebliches Gesundheitsmanagement mit Fokus Schlaf\u00a0<\/strong><\/h3>\n<p>Wir sind ein Team aus Fachexperten in den Bereichen Gesundheitsf\u00f6rderung, Medizin, Psychologie und Business und bieten massgeschneiderte L\u00f6sungen zur Schlafoptimierung und Energiesteigerung \u2013 auch f\u00fcr Unternehmen.<\/p>\n<p>Unsere Dienstleistungen umfassen Workshops, Kurse, Weiterbildungen, Coachings und Business-Retreats, die wir individuell auf Ihre Bed\u00fcrfnisse und die Ihrer Mitarbeitende anpassen. Kontaktieren Sie uns, damit wir gemeinsam die beste L\u00f6sung f\u00fcr Ihr Unternehmen entwickeln k\u00f6nnen.<\/p>\n<p>[\/et_pb_text][\/et_pb_column][\/et_pb_row][\/et_pb_section][et_pb_section fb_built=&#8220;1&#8243; _builder_version=&#8220;4.27.4&#8243; _module_preset=&#8220;default&#8220; custom_padding=&#8220;|0px||||&#8220; global_colors_info=&#8220;{}&#8220;][et_pb_row _builder_version=&#8220;4.27.4&#8243; _module_preset=&#8220;default&#8220; custom_padding=&#8220;69px|||||&#8220; global_colors_info=&#8220;{}&#8220;][et_pb_column type=&#8220;4_4&#8243; _builder_version=&#8220;4.27.4&#8243; _module_preset=&#8220;default&#8220; global_colors_info=&#8220;{}&#8220;][et_pb_text _builder_version=&#8220;4.27.4&#8243; _module_preset=&#8220;default&#8220; global_colors_info=&#8220;{}&#8220;]<\/p>\n<h1><span style=\"color: #000000;\"><\/span><\/h1>\n<p><span style=\"color: #000000;\"><\/span><\/p>\n<h1><span style=\"color: #000000;\">Inhalt<\/span><span style=\"font-size: 14px;\"><\/span><\/h1>\n<ul>\n<li>\n<h5><strong>Bedeutung des Schlafs: Einfluss auf Gesundheit, Immunsystem und Leistungsf\u00e4higkeit<\/strong><\/h5>\n<\/li>\n<li>\n<h5><strong>Schlafhygiene: Regelm\u00e4ssige Schlafzeiten, ruhiges Schlafzimmer und verzicht auf Bildschirmzeit vor dem Schlafen<\/strong><\/h5>\n<\/li>\n<li>\n<h5><strong>Stressmanagement: Entspannungstechniken wie Meditation, Yoga und Atem\u00fcbungen<\/strong><\/h5>\n<\/li>\n<li>\n<h5><strong>Individuelles Schlafbed\u00fcrfnis: Anpassung des Alltags an pers\u00f6nliche Schlafmuster<\/strong><\/h5>\n<\/li>\n<li>\n<h5><strong>Erholung im Alltag: Integration von Powernaps und regelm\u00e4ssigen Pausen<\/strong><\/h5>\n<\/li>\n<li>\n<h5><strong>Ganzheitliche Gesundheit: Ern\u00e4hrung im Arbeitsalltag, Ber\u00fccksichtigung nat\u00fcrlicher Rhythmen, Bewegung und Natur<\/strong><\/h5>\n<\/li>\n<li>\n<h5><strong>Psychologie: Kognitive Prozesse, Kommunikation <\/strong><\/h5>\n<\/li>\n<li>\n<h5><strong>Schichtarbeit: Umgang mit Schlafproblemen in Nachtschichten<\/strong><\/h5>\n<\/li>\n<li>\n<h5><strong>Medizin: Was Schlafprobleme mit\u00a0 Depressionen, Herzinfarkt, Konzentrationsst\u00f6rungen, Burnout, chronische Schmerzen, Gewichtsproblemen etc. zu tun haben<\/strong><\/h5>\n<p><strong><\/strong><\/p>\n<\/li>\n<\/ul>\n<p>[\/et_pb_text][et_pb_text _builder_version=&#8220;4.27.4&#8243; _module_preset=&#8220;default&#8220; global_colors_info=&#8220;{}&#8220;]<\/p>\n<h1><span style=\"color: #000000;\"><\/span><\/h1>\n<p><span style=\"color: #000000;\"><\/span><\/p>\n<h1><span style=\"color: #000000;\">Durchf\u00fchrung<\/span><span style=\"font-size: 14px;\"><\/span><\/h1>\n<ul>\n<li>\n<h5><strong>Workshops: 2h, 4h oder Ganztags (vor Ort)<\/strong><\/h5>\n<\/li>\n<li>\n<h5><strong>Vortr\u00e4ge: 1,5h &#8211; 2.5h (vor Ort, Hybrid, Online)<\/strong><\/h5>\n<\/li>\n<li>\n<h5><strong>Business-Retreat\/Klausurtagung: 2-4 Tage (in der Lenk-Lodge oder auf Madeira)<\/strong><\/h5>\n<\/li>\n<li>\n<h5><strong>Gruppengr\u00f6sse: Workshops bis 15 Personen, Vortr\u00e4ge unbegrenzt, Retreat bis 12 Personen<\/strong><\/h5>\n<\/li>\n<li>\n<h5><strong>Daten, Zeiten, Ort: nach Absprache<\/strong><\/h5>\n<\/li>\n<li>\n<h5><strong>Zusatzleistungen: k\u00f6nnen individuell gestaltet werden<\/strong><\/h5>\n<\/li>\n<\/ul>\n<p>[\/et_pb_text][et_pb_text _builder_version=&#8220;4.27.4&#8243; _module_preset=&#8220;default&#8220; global_colors_info=&#8220;{}&#8220;]<\/p>\n<h1><span style=\"color: #000000;\"><\/span><\/h1>\n<p><span style=\"color: #000000;\"><\/span><\/p>\n<h1><span style=\"color: #000000;\">Kosten<\/span><span style=\"font-size: 14px;\"><\/span><\/h1>\n<ul>\n<li>\n<h5><strong>Workshops: ab CHF 700.-<\/strong><\/h5>\n<\/li>\n<li>\n<h5><strong>Vortr\u00e4ge: ab CHF 500.-<\/strong><\/h5>\n<\/li>\n<li>\n<h5><strong>Business-Retreat\/Klausurtagung: nach Absprache<\/strong><\/h5>\n<\/li>\n<\/ul>\n<p>[\/et_pb_text][\/et_pb_column][\/et_pb_row][et_pb_row _builder_version=&#8220;4.27.4&#8243; _module_preset=&#8220;default&#8220; global_colors_info=&#8220;{}&#8220;][et_pb_column type=&#8220;4_4&#8243; _builder_version=&#8220;4.27.4&#8243; _module_preset=&#8220;default&#8220; global_colors_info=&#8220;{}&#8220;][et_pb_button button_url=&#8220;mailto:info@gesundheits-schlaf.ch&#8220; button_text=&#8220;Kontakt&#8220; _builder_version=&#8220;4.27.4&#8243; _module_preset=&#8220;default&#8220; custom_button=&#8220;on&#8220; button_text_color=&#8220;#FFFFFF&#8220; button_bg_color=&#8220;#E02B20&#8243; filter_hue_rotate=&#8220;359deg&#8220; global_colors_info=&#8220;{}&#8220;][\/et_pb_button][\/et_pb_column][\/et_pb_row][\/et_pb_section][et_pb_section fb_built=&#8220;1&#8243; _builder_version=&#8220;4.16&#8243; _module_preset=&#8220;default&#8220; global_colors_info=&#8220;{}&#8220;][et_pb_row column_structure=&#8220;1_3,1_3,1_3&#8243; _builder_version=&#8220;4.16&#8243; _module_preset=&#8220;_initial&#8220; background_color=&#8220;RGBA(255,255,255,0)&#8220; locked=&#8220;off&#8220; global_colors_info=&#8220;{}&#8220;][et_pb_column type=&#8220;1_3&#8243; _builder_version=&#8220;4.16&#8243; _module_preset=&#8220;default&#8220; custom_padding=&#8220;|||&#8220; global_colors_info=&#8220;{}&#8220; custom_padding__hover=&#8220;|||&#8220;][et_pb_text admin_label=&#8220;Subheading&#8220; _builder_version=&#8220;4.16&#8243; _module_preset=&#8220;_initial&#8220; text_font=&#8220;Quicksand||||||||&#8220; text_font_size=&#8220;20px&#8220; text_line_height=&#8220;1.8em&#8220; link_font=&#8220;||||||||&#8220; ul_font=&#8220;||||||||&#8220; header_font=&#8220;Quicksand|500|||||||&#8220; header_2_font=&#8220;||||||||&#8220; header_3_font=&#8220;||||||||&#8220; header_3_font_size=&#8220;45px&#8220; header_3_line_height=&#8220;1.5em&#8220; header_4_font=&#8220;||||||||&#8220; header_5_font=&#8220;Poppins|700||on|||||&#8220; header_5_text_color=&#8220;#ecd5c5&#8243; header_5_letter_spacing=&#8220;15px&#8220; header_5_line_height=&#8220;1.8em&#8220; text_orientation=&#8220;center&#8220; max_width=&#8220;600px&#8220; max_width_tablet=&#8220;100%&#8220; max_width_phone=&#8220;100%&#8220; max_width_last_edited=&#8220;off|desktop&#8220; module_alignment=&#8220;center&#8220; custom_margin=&#8220;|||&#8220; custom_padding=&#8220;|||&#8220; custom_padding_tablet=&#8220;|||0px&#8220; custom_padding_phone=&#8220;|||0px&#8220; custom_padding_last_edited=&#8220;on|tablet&#8220; locked=&#8220;off&#8220; global_colors_info=&#8220;{}&#8220;][\/et_pb_text][et_pb_image src=&#8220;https:\/\/gesundheits-schlaf.ch\/wp-content\/uploads\/2025\/03\/Business-Workshops.png&#8220; title_text=&#8220;Business-Workshops&#8220; url=&#8220;@ET-DC@eyJkeW5hbWljIjp0cnVlLCJjb250ZW50IjoicG9zdF9saW5rX3VybF9wYWdlIiwic2V0dGluZ3MiOnsicG9zdF9pZCI6IjE5MjgifX0=@&#8220; _builder_version=&#8220;4.27.4&#8243; _dynamic_attributes=&#8220;url&#8220; _module_preset=&#8220;default&#8220; animation_style=&#8220;fold&#8220; box_shadow_style=&#8220;preset1&#8243; global_colors_info=&#8220;{}&#8220;][\/et_pb_image][\/et_pb_column][et_pb_column type=&#8220;1_3&#8243; _builder_version=&#8220;4.27.2&#8243; _module_preset=&#8220;default&#8220; global_colors_info=&#8220;{}&#8220;][et_pb_text admin_label=&#8220;Subheading&#8220; _builder_version=&#8220;4.16&#8243; _module_preset=&#8220;_initial&#8220; text_font=&#8220;Quicksand||||||||&#8220; text_font_size=&#8220;20px&#8220; text_line_height=&#8220;1.8em&#8220; link_font=&#8220;||||||||&#8220; ul_font=&#8220;||||||||&#8220; header_font=&#8220;Quicksand|500|||||||&#8220; header_2_font=&#8220;||||||||&#8220; header_3_font=&#8220;||||||||&#8220; header_3_font_size=&#8220;45px&#8220; header_3_line_height=&#8220;1.5em&#8220; header_4_font=&#8220;||||||||&#8220; header_5_font=&#8220;Poppins|700||on|||||&#8220; header_5_text_color=&#8220;#ecd5c5&#8243; header_5_letter_spacing=&#8220;15px&#8220; header_5_line_height=&#8220;1.8em&#8220; text_orientation=&#8220;center&#8220; max_width=&#8220;600px&#8220; max_width_tablet=&#8220;100%&#8220; max_width_phone=&#8220;100%&#8220; max_width_last_edited=&#8220;off|desktop&#8220; module_alignment=&#8220;center&#8220; custom_margin=&#8220;|||&#8220; custom_padding=&#8220;|||&#8220; custom_padding_tablet=&#8220;|||0px&#8220; custom_padding_phone=&#8220;|||0px&#8220; custom_padding_last_edited=&#8220;on|tablet&#8220; locked=&#8220;off&#8220; global_colors_info=&#8220;{}&#8220;][\/et_pb_text][et_pb_image src=&#8220;https:\/\/gesundheits-schlaf.ch\/wp-content\/uploads\/2025\/03\/Business-Vortraege-2.png&#8220; title_text=&#8220;Business-Vortr\u00e4ge&#8220; url=&#8220;@ET-DC@eyJkeW5hbWljIjp0cnVlLCJjb250ZW50IjoicG9zdF9saW5rX3VybF9wYWdlIiwic2V0dGluZ3MiOnsicG9zdF9pZCI6IjE5MjgifX0=@&#8220; _builder_version=&#8220;4.27.4&#8243; _dynamic_attributes=&#8220;url&#8220; _module_preset=&#8220;default&#8220; animation_style=&#8220;fold&#8220; box_shadow_style=&#8220;preset1&#8243; global_colors_info=&#8220;{}&#8220;][\/et_pb_image][\/et_pb_column][et_pb_column type=&#8220;1_3&#8243; _builder_version=&#8220;4.16&#8243; _module_preset=&#8220;default&#8220; custom_padding=&#8220;|||&#8220; global_colors_info=&#8220;{}&#8220; custom_padding__hover=&#8220;|||&#8220;][et_pb_text admin_label=&#8220;Subheading&#8220; _builder_version=&#8220;4.16&#8243; _module_preset=&#8220;_initial&#8220; text_font=&#8220;Quicksand||||||||&#8220; text_font_size=&#8220;20px&#8220; text_line_height=&#8220;1.8em&#8220; link_font=&#8220;||||||||&#8220; ul_font=&#8220;||||||||&#8220; header_font=&#8220;Quicksand|500|||||||&#8220; header_2_font=&#8220;||||||||&#8220; header_3_font=&#8220;||||||||&#8220; header_3_font_size=&#8220;45px&#8220; header_3_line_height=&#8220;1.5em&#8220; header_4_font=&#8220;||||||||&#8220; header_5_font=&#8220;Poppins|700||on|||||&#8220; header_5_text_color=&#8220;#ecd5c5&#8243; header_5_letter_spacing=&#8220;15px&#8220; header_5_line_height=&#8220;1.8em&#8220; text_orientation=&#8220;center&#8220; max_width=&#8220;600px&#8220; max_width_tablet=&#8220;100%&#8220; max_width_phone=&#8220;100%&#8220; max_width_last_edited=&#8220;off|desktop&#8220; module_alignment=&#8220;center&#8220; custom_margin=&#8220;|||&#8220; custom_padding=&#8220;|||&#8220; custom_padding_tablet=&#8220;|||0px&#8220; custom_padding_phone=&#8220;|||0px&#8220; custom_padding_last_edited=&#8220;on|tablet&#8220; locked=&#8220;off&#8220; global_colors_info=&#8220;{}&#8220;][\/et_pb_text][et_pb_image src=&#8220;https:\/\/gesundheits-schlaf.ch\/wp-content\/uploads\/2025\/03\/Business-Retreat.png&#8220; title_text=&#8220;Business-Retreat&#8220; _builder_version=&#8220;4.27.4&#8243; _module_preset=&#8220;default&#8220; animation_style=&#8220;fold&#8220; box_shadow_style=&#8220;preset1&#8243; global_colors_info=&#8220;{}&#8220;][\/et_pb_image][\/et_pb_column][\/et_pb_row][\/et_pb_section]<\/p>\n","protected":false},"excerpt":{"rendered":"<p>\u00a0Betriebliches Gesundheitsmanagement mit Fokus Schlaf\u00a0 Wir sind ein Team aus Fachexperten in den Bereichen Gesundheitsf\u00f6rderung, Medizin, Psychologie und Business und bieten massgeschneiderte L\u00f6sungen zur Schlafoptimierung und Energiesteigerung \u2013 auch f\u00fcr Unternehmen. Unsere Dienstleistungen umfassen Workshops, Kurse, Weiterbildungen, Coachings und Business-Retreats, die wir individuell auf Ihre Bed\u00fcrfnisse und die Ihrer Mitarbeitende anpassen. Kontaktieren Sie uns, damit [&hellip;]<\/p>\n","protected":false},"author":2,"featured_media":0,"parent":0,"menu_order":0,"comment_status":"closed","ping_status":"closed","template":"","meta":{"_et_pb_use_builder":"on","_et_pb_old_content":"","_et_gb_content_width":"","om_disable_all_campaigns":false,"_exactmetrics_skip_tracking":false,"_exactmetrics_sitenote_active":false,"_exactmetrics_sitenote_note":"","_exactmetrics_sitenote_category":0,"_uf_show_specific_survey":0,"_uf_disable_surveys":false,"footnotes":""},"class_list":["post-2053","page","type-page","status-publish","hentry"],"aioseo_notices":[],"yoast_head":"<!-- This site is optimized with the Yoast SEO plugin v27.2 - https:\/\/yoast.com\/product\/yoast-seo-wordpress\/ -->\n<title>F\u00fcr Unternehmen - gesundheits-schlaf.ch<\/title>\n<meta name=\"robots\" content=\"index, follow, max-snippet:-1, max-image-preview:large, max-video-preview:-1\" \/>\n<link rel=\"canonical\" href=\"https:\/\/gesundheits-schlaf.ch\/?page_id=2053\" \/>\n<meta property=\"og:locale\" content=\"de_DE\" \/>\n<meta property=\"og:type\" content=\"article\" \/>\n<meta property=\"og:title\" content=\"F\u00fcr Unternehmen - gesundheits-schlaf.ch\" \/>\n<meta property=\"og:description\" content=\"\u00a0Betriebliches Gesundheitsmanagement mit Fokus Schlaf\u00a0 Wir sind ein Team aus Fachexperten in den Bereichen Gesundheitsf\u00f6rderung, Medizin, Psychologie und Business und bieten massgeschneiderte L\u00f6sungen zur Schlafoptimierung und Energiesteigerung \u2013 auch f\u00fcr Unternehmen. Unsere Dienstleistungen umfassen Workshops, Kurse, Weiterbildungen, Coachings und Business-Retreats, die wir individuell auf Ihre Bed\u00fcrfnisse und die Ihrer Mitarbeitende anpassen. Kontaktieren Sie uns, damit [&hellip;]\" \/>\n<meta property=\"og:url\" content=\"https:\/\/gesundheits-schlaf.ch\/?page_id=2053\" \/>\n<meta property=\"og:site_name\" content=\"gesundheits-schlaf.ch\" \/>\n<meta property=\"article:publisher\" content=\"https:\/\/www.facebook.com\/profile.php?id=61569700356793\" \/>\n<meta property=\"article:modified_time\" content=\"2025-06-05T10:29:42+00:00\" \/>\n<meta name=\"twitter:card\" content=\"summary_large_image\" \/>\n<meta name=\"twitter:label1\" content=\"Gesch\u00e4tzte Lesezeit\" \/>\n\t<meta name=\"twitter:data1\" content=\"7\u00a0Minuten\" \/>\n<script type=\"application\/ld+json\" class=\"yoast-schema-graph\">{\"@context\":\"https:\/\/schema.org\",\"@graph\":[{\"@type\":\"WebPage\",\"@id\":\"https:\/\/gesundheits-schlaf.ch\/?page_id=2053\",\"url\":\"https:\/\/gesundheits-schlaf.ch\/?page_id=2053\",\"name\":\"F\u00fcr Unternehmen - gesundheits-schlaf.ch\",\"isPartOf\":{\"@id\":\"https:\/\/gesundheits-schlaf.ch\/#website\"},\"datePublished\":\"2024-11-29T16:27:55+00:00\",\"dateModified\":\"2025-06-05T10:29:42+00:00\",\"breadcrumb\":{\"@id\":\"https:\/\/gesundheits-schlaf.ch\/?page_id=2053#breadcrumb\"},\"inLanguage\":\"de\",\"potentialAction\":[{\"@type\":\"ReadAction\",\"target\":[\"https:\/\/gesundheits-schlaf.ch\/?page_id=2053\"]}]},{\"@type\":\"BreadcrumbList\",\"@id\":\"https:\/\/gesundheits-schlaf.ch\/?page_id=2053#breadcrumb\",\"itemListElement\":[{\"@type\":\"ListItem\",\"position\":1,\"name\":\"Startseite\",\"item\":\"https:\/\/gesundheits-schlaf.ch\/\"},{\"@type\":\"ListItem\",\"position\":2,\"name\":\"F\u00fcr Unternehmen\"}]},{\"@type\":\"WebSite\",\"@id\":\"https:\/\/gesundheits-schlaf.ch\/#website\",\"url\":\"https:\/\/gesundheits-schlaf.ch\/\",\"name\":\"gesundheits-schlaf.ch\",\"description\":\"Schlafprobleme behandeln und Gesund werden\",\"publisher\":{\"@id\":\"https:\/\/gesundheits-schlaf.ch\/#organization\"},\"potentialAction\":[{\"@type\":\"SearchAction\",\"target\":{\"@type\":\"EntryPoint\",\"urlTemplate\":\"https:\/\/gesundheits-schlaf.ch\/?s={search_term_string}\"},\"query-input\":{\"@type\":\"PropertyValueSpecification\",\"valueRequired\":true,\"valueName\":\"search_term_string\"}}],\"inLanguage\":\"de\"},{\"@type\":\"Organization\",\"@id\":\"https:\/\/gesundheits-schlaf.ch\/#organization\",\"name\":\"Gesundheits-Schlaf\",\"url\":\"https:\/\/gesundheits-schlaf.ch\/\",\"logo\":{\"@type\":\"ImageObject\",\"inLanguage\":\"de\",\"@id\":\"https:\/\/gesundheits-schlaf.ch\/#\/schema\/logo\/image\/\",\"url\":\"https:\/\/gesundheits-schlaf.ch\/wp-content\/uploads\/2024\/11\/GS-Logo.jpg\",\"contentUrl\":\"https:\/\/gesundheits-schlaf.ch\/wp-content\/uploads\/2024\/11\/GS-Logo.jpg\",\"width\":992,\"height\":800,\"caption\":\"Gesundheits-Schlaf\"},\"image\":{\"@id\":\"https:\/\/gesundheits-schlaf.ch\/#\/schema\/logo\/image\/\"},\"sameAs\":[\"https:\/\/www.facebook.com\/profile.php?id=61569700356793\",\"https:\/\/www.instagram.com\/gesundheits_schlaf\/\"]}]}<\/script>\n<!-- \/ Yoast SEO plugin. -->","yoast_head_json":{"title":"F\u00fcr Unternehmen - gesundheits-schlaf.ch","robots":{"index":"index","follow":"follow","max-snippet":"max-snippet:-1","max-image-preview":"max-image-preview:large","max-video-preview":"max-video-preview:-1"},"canonical":"https:\/\/gesundheits-schlaf.ch\/?page_id=2053","og_locale":"de_DE","og_type":"article","og_title":"F\u00fcr Unternehmen - gesundheits-schlaf.ch","og_description":"\u00a0Betriebliches Gesundheitsmanagement mit Fokus Schlaf\u00a0 Wir sind ein Team aus Fachexperten in den Bereichen Gesundheitsf\u00f6rderung, Medizin, Psychologie und Business und bieten massgeschneiderte L\u00f6sungen zur Schlafoptimierung und Energiesteigerung \u2013 auch f\u00fcr Unternehmen. Unsere Dienstleistungen umfassen Workshops, Kurse, Weiterbildungen, Coachings und Business-Retreats, die wir individuell auf Ihre Bed\u00fcrfnisse und die Ihrer Mitarbeitende anpassen. Kontaktieren Sie uns, damit [&hellip;]","og_url":"https:\/\/gesundheits-schlaf.ch\/?page_id=2053","og_site_name":"gesundheits-schlaf.ch","article_publisher":"https:\/\/www.facebook.com\/profile.php?id=61569700356793","article_modified_time":"2025-06-05T10:29:42+00:00","twitter_card":"summary_large_image","twitter_misc":{"Gesch\u00e4tzte Lesezeit":"7\u00a0Minuten"},"schema":{"@context":"https:\/\/schema.org","@graph":[{"@type":"WebPage","@id":"https:\/\/gesundheits-schlaf.ch\/?page_id=2053","url":"https:\/\/gesundheits-schlaf.ch\/?page_id=2053","name":"F\u00fcr Unternehmen - gesundheits-schlaf.ch","isPartOf":{"@id":"https:\/\/gesundheits-schlaf.ch\/#website"},"datePublished":"2024-11-29T16:27:55+00:00","dateModified":"2025-06-05T10:29:42+00:00","breadcrumb":{"@id":"https:\/\/gesundheits-schlaf.ch\/?page_id=2053#breadcrumb"},"inLanguage":"de","potentialAction":[{"@type":"ReadAction","target":["https:\/\/gesundheits-schlaf.ch\/?page_id=2053"]}]},{"@type":"BreadcrumbList","@id":"https:\/\/gesundheits-schlaf.ch\/?page_id=2053#breadcrumb","itemListElement":[{"@type":"ListItem","position":1,"name":"Startseite","item":"https:\/\/gesundheits-schlaf.ch\/"},{"@type":"ListItem","position":2,"name":"F\u00fcr Unternehmen"}]},{"@type":"WebSite","@id":"https:\/\/gesundheits-schlaf.ch\/#website","url":"https:\/\/gesundheits-schlaf.ch\/","name":"gesundheits-schlaf.ch","description":"Schlafprobleme behandeln und Gesund werden","publisher":{"@id":"https:\/\/gesundheits-schlaf.ch\/#organization"},"potentialAction":[{"@type":"SearchAction","target":{"@type":"EntryPoint","urlTemplate":"https:\/\/gesundheits-schlaf.ch\/?s={search_term_string}"},"query-input":{"@type":"PropertyValueSpecification","valueRequired":true,"valueName":"search_term_string"}}],"inLanguage":"de"},{"@type":"Organization","@id":"https:\/\/gesundheits-schlaf.ch\/#organization","name":"Gesundheits-Schlaf","url":"https:\/\/gesundheits-schlaf.ch\/","logo":{"@type":"ImageObject","inLanguage":"de","@id":"https:\/\/gesundheits-schlaf.ch\/#\/schema\/logo\/image\/","url":"https:\/\/gesundheits-schlaf.ch\/wp-content\/uploads\/2024\/11\/GS-Logo.jpg","contentUrl":"https:\/\/gesundheits-schlaf.ch\/wp-content\/uploads\/2024\/11\/GS-Logo.jpg","width":992,"height":800,"caption":"Gesundheits-Schlaf"},"image":{"@id":"https:\/\/gesundheits-schlaf.ch\/#\/schema\/logo\/image\/"},"sameAs":["https:\/\/www.facebook.com\/profile.php?id=61569700356793","https:\/\/www.instagram.com\/gesundheits_schlaf\/"]}]}},"_links":{"self":[{"href":"https:\/\/gesundheits-schlaf.ch\/index.php?rest_route=\/wp\/v2\/pages\/2053","targetHints":{"allow":["GET"]}}],"collection":[{"href":"https:\/\/gesundheits-schlaf.ch\/index.php?rest_route=\/wp\/v2\/pages"}],"about":[{"href":"https:\/\/gesundheits-schlaf.ch\/index.php?rest_route=\/wp\/v2\/types\/page"}],"author":[{"embeddable":true,"href":"https:\/\/gesundheits-schlaf.ch\/index.php?rest_route=\/wp\/v2\/users\/2"}],"replies":[{"embeddable":true,"href":"https:\/\/gesundheits-schlaf.ch\/index.php?rest_route=%2Fwp%2Fv2%2Fcomments&post=2053"}],"version-history":[{"count":14,"href":"https:\/\/gesundheits-schlaf.ch\/index.php?rest_route=\/wp\/v2\/pages\/2053\/revisions"}],"predecessor-version":[{"id":2545,"href":"https:\/\/gesundheits-schlaf.ch\/index.php?rest_route=\/wp\/v2\/pages\/2053\/revisions\/2545"}],"wp:attachment":[{"href":"https:\/\/gesundheits-schlaf.ch\/index.php?rest_route=%2Fwp%2Fv2%2Fmedia&parent=2053"}],"curies":[{"name":"wp","href":"https:\/\/api.w.org\/{rel}","templated":true}]}}